{"id":1492,"date":"2019-08-28T10:58:02","date_gmt":"2019-08-28T08:58:02","guid":{"rendered":"http:\/\/littledino.wgl-demo.net\/?page_id=1492"},"modified":"2023-02-17T10:20:57","modified_gmt":"2023-02-17T09:20:57","slug":"impressum","status":"publish","type":"page","link":"https:\/\/biber-bibbs.de\/2020\/impressum\/","title":{"rendered":"Impressum &#038; Datenschutz"},"content":{"rendered":"\t\t<div data-elementor-type=\"wp-post\" data-elementor-id=\"1492\" class=\"elementor elementor-1492\">\n\t\t\t\t\t\t<section class=\"elementor-section elementor-top-section elementor-element elementor-element-a1d9131 elementor-section-boxed elementor-section-height-default elementor-section-height-default\" data-id=\"a1d9131\" data-element_type=\"section\" data-e-type=\"section\">\n\t\t\t\t\t\t<div class=\"elementor-container elementor-column-gap-default\">\n\t\t\t\t\t<div class=\"elementor-column elementor-col-100 elementor-top-column elementor-element elementor-element-9a8c53e\" data-id=\"9a8c53e\" data-element_type=\"column\" data-e-type=\"column\">\n\t\t\t<div class=\"elementor-widget-wrap elementor-element-populated\">\n\t\t\t\t\t\t<div class=\"elementor-element elementor-element-e40689b elementor-widget elementor-widget-spacer\" data-id=\"e40689b\" data-element_type=\"widget\" data-e-type=\"widget\" data-widget_type=\"spacer.default\">\n\t\t\t\t<div class=\"elementor-widget-container\">\n\t\t\t\t\t\t\t<div class=\"elementor-spacer\">\n\t\t\t<div class=\"elementor-spacer-inner\"><\/div>\n\t\t<\/div>\n\t\t\t\t\t\t<\/div>\n\t\t\t\t<\/div>\n\t\t\t\t\t<\/div>\n\t\t<\/div>\n\t\t\t\t\t<\/div>\n\t\t<\/section>\n\t\t\t\t<section class=\"elementor-section elementor-top-section elementor-element elementor-element-31d1092 elementor-section-boxed elementor-section-height-default elementor-section-height-default\" data-id=\"31d1092\" data-element_type=\"section\" data-e-type=\"section\">\n\t\t\t\t\t\t<div class=\"elementor-container elementor-column-gap-default\">\n\t\t\t\t\t<div class=\"elementor-column elementor-col-50 elementor-top-column elementor-element elementor-element-ba60c38\" data-id=\"ba60c38\" data-element_type=\"column\" data-e-type=\"column\">\n\t\t\t<div class=\"elementor-widget-wrap elementor-element-populated\">\n\t\t\t\t\t\t<div class=\"elementor-element elementor-element-c332587 dbl-1st-block dbl-2nd-block elementor-widget elementor-widget-wgl-double-headings\" data-id=\"c332587\" data-element_type=\"widget\" data-e-type=\"widget\" data-widget_type=\"wgl-double-headings.default\">\n\t\t\t\t<div class=\"elementor-widget-container\">\n\t\t\t\t\t<div class=\"wgl-double_heading\"><h3 class=\"dbl-titles_wrapper\"><span class=\"dbl-title__wrap title-1__wrap\"><span class=\"dbl-title__1\">Impressum<\/span><\/span><span class=\"dbl-title__wrap title-2__wrap\"><span class=\"dbl-title__2\">und Rechtliches<\/span><\/span><\/h3>        <\/div>\t\t\t\t<\/div>\n\t\t\t\t<\/div>\n\t\t\t\t<div class=\"elementor-element elementor-element-53d7143 elementor-widget elementor-widget-text-editor\" data-id=\"53d7143\" data-element_type=\"widget\" data-e-type=\"widget\" data-widget_type=\"text-editor.default\">\n\t\t\t\t<div class=\"elementor-widget-container\">\n\t\t\t\t\t\t\t\t\t<p style=\"font-size: 18px; line-height: 30px; margin-bottom: 17px;\">Rechtsstehend finden Sie alle wichtigen Informationen zu den Verantwortlichen des Projektes und entsprechende Kontaktdaten. Sollten Sie Informationen vermissen oder Fragen haben, kontaktieren Sie uns gern.<\/p>\t\t\t\t\t\t\t\t<\/div>\n\t\t\t\t<\/div>\n\t\t\t\t<div class=\"elementor-element elementor-element-0b6a500 elementor-widget elementor-widget-wgl-button\" data-id=\"0b6a500\" data-element_type=\"widget\" data-e-type=\"widget\" data-widget_type=\"wgl-button.default\">\n\t\t\t\t<div class=\"elementor-widget-container\">\n\t\t\t\t\t<div class=\"wgl-button-wrapper \"><a class=\"wgl-button elementor-button button-link size-xl\" role=\"button\" href=\"https:\/\/biber-bibbs.de\/2020\/contacts\/\"><div class=\"button-content-wrapper \"><span class=\"elementor-button-text\">Kontaktieren Sie uns<\/span><svg class=\"wgl-dashes inner-dashed-border animated-dashes\"><rect x=\"5px\" y=\"5px\" rx=\"23px\" ry=\"23px\" width=\"0\" height=\"0\"><\/rect><\/svg>            <\/div>\r\n            <\/a>\r\n        <\/div>\r\n        \t\t\t\t<\/div>\n\t\t\t\t<\/div>\n\t\t\t\t\t<\/div>\n\t\t<\/div>\n\t\t\t\t<div class=\"elementor-column elementor-col-50 elementor-top-column elementor-element elementor-element-1862167\" data-id=\"1862167\" data-element_type=\"column\" data-e-type=\"column\">\n\t\t\t<div class=\"elementor-widget-wrap elementor-element-populated\">\n\t\t\t\t\t\t<div class=\"elementor-element elementor-element-390f50c elementor-widget elementor-widget-spacer\" data-id=\"390f50c\" data-element_type=\"widget\" data-e-type=\"widget\" data-widget_type=\"spacer.default\">\n\t\t\t\t<div class=\"elementor-widget-container\">\n\t\t\t\t\t\t\t<div class=\"elementor-spacer\">\n\t\t\t<div class=\"elementor-spacer-inner\"><\/div>\n\t\t<\/div>\n\t\t\t\t\t\t<\/div>\n\t\t\t\t<\/div>\n\t\t\t\t<div class=\"elementor-element elementor-element-66a69c0 elementor-widget elementor-widget-wgl-toggle-accordion\" data-id=\"66a69c0\" data-element_type=\"widget\" data-e-type=\"widget\" data-widget_type=\"wgl-toggle-accordion.default\">\n\t\t\t\t<div class=\"elementor-widget-container\">\n\t\t\t\t\t        <div class=\"wgl-accordion icon-def\" id=\"wgl-accordion-66a69c0\" data-type=\"accordion\">\r\n\r\n                            <div class=\"wgl-accordion_panel\">\r\n                    <h4 id=\"wgl-accordion_header-1071\" class=\"wgl-accordion_header\" data-default=\"yes\">\r\n                        <span class=\"wgl-accordion_title\">Adresse und Kontakt<\/span>\r\n                                                    <i class=\"wgl-accordion_icon\"><\/i>                                            <\/h4>\r\n                    <div class=\"wgl-accordion_content\">\r\n                        <p>Medienp\u00e4dagogisches Zentrum Mei\u00dfen<br \/>Ansprechpartner: Frank Hunger<\/p><p>Goethestra\u00dfe 21<br \/>01662 Mei\u00dfen<\/p><p><strong>Telefon:<\/strong> (03521) 728 441<br \/><strong>Telefax:<\/strong> (03521) 728 440<\/p><p><strong>E- Mail:<\/strong> kontakt (at) mpz-meissen.de<\/p>                    <\/div>\r\n                <\/div>\r\n                            <div class=\"wgl-accordion_panel\">\r\n                    <h4 id=\"wgl-accordion_header-1072\" class=\"wgl-accordion_header\" data-default=\"no\">\r\n                        <span class=\"wgl-accordion_title\">Tr\u00e4ger<\/span>\r\n                                                    <i class=\"wgl-accordion_icon\"><\/i>                                            <\/h4>\r\n                    <div class=\"wgl-accordion_content\">\r\n                        <p>Landkreis Mei\u00dfen, Freistaat Sachsen<br \/>vertreten durch: Landrat Herr Arndt Steinbach<\/p><p>Ansprechpartner: Herr\u00a0<span>Stefan\u00a0<\/span><span>Noack genannt Gr\u00e4fe<\/span><\/p><p>Kreisschul- und Kulturamt<\/p><p><strong>Telefon:<\/strong> (03521) 725 1303<br \/><strong>E- Mail:<\/strong>\u00a0Stefan.Noack (at) kreis-meissen.de<\/p><p>Brauhausstr. 21<br \/>01662 Mei\u00dfen<\/p>                    <\/div>\r\n                <\/div>\r\n                            <div class=\"wgl-accordion_panel\">\r\n                    <h4 id=\"wgl-accordion_header-1073\" class=\"wgl-accordion_header\" data-default=\"no\">\r\n                        <span class=\"wgl-accordion_title\">Ver\u00f6ffentlichungen der Orte\/Schulen<\/span>\r\n                                                    <i class=\"wgl-accordion_icon\"><\/i>                                            <\/h4>\r\n                    <div class=\"wgl-accordion_content\">\r\n                        <p>Die Verantwortung f\u00fcr die Darstellung der einzelnen Orte und handelnden Personen liegt ausschlie\u00dflich bei den am Projekt teilnehmenden Schulen und den dort Verantwortlichen.<\/p><p>Seitens der ver\u00f6ffentlichenden Stelle wird keine Verantwortung f\u00fcr gegebenenfalls durch diese erfolgende Verletzungen von Urheber- und Pers\u00f6nlichkeitsrechten \u00fcbernommen.<\/p><p>Falls Sie der Meinung sind, dass durch die hier vorgenommenen Ver\u00f6ffentlichungen Ihre Rechte mi\u00dfachtet werden, helfen wir Ihnen gern, sich mit den Verantwortlichen in Verbindung zu setzen. Bitte kontaktieren Sie uns dann auf einem der oben angegebenen Wege.<\/p>                    <\/div>\r\n                <\/div>\r\n                            <div class=\"wgl-accordion_panel\">\r\n                    <h4 id=\"wgl-accordion_header-1074\" class=\"wgl-accordion_header\" data-default=\"no\">\r\n                        <span class=\"wgl-accordion_title\">Datenschutz<\/span>\r\n                                                    <i class=\"wgl-accordion_icon\"><\/i>                                            <\/h4>\r\n                    <div class=\"wgl-accordion_content\">\r\n                        <p>Dieses Angebot unterliegt den Datenschutzbestimmungen des MPZ Mei\u00dfen.<\/p><p><a href=\"https:\/\/www.mpz-meissen.de\/uu_17_datenschutz.php\" target=\"_blank\" rel=\"noopener\">Datenschutzerkl\u00e4rung des MPZ Mei\u00dfen<\/a><\/p>                    <\/div>\r\n                <\/div>\r\n                            <div class=\"wgl-accordion_panel\">\r\n                    <h4 id=\"wgl-accordion_header-1075\" class=\"wgl-accordion_header\" data-default=\"no\">\r\n                        <span class=\"wgl-accordion_title\">Template<\/span>\r\n                                                    <i class=\"wgl-accordion_icon\"><\/i>                                            <\/h4>\r\n                    <div class=\"wgl-accordion_content\">\r\n                        <p><span>\u00a9 2019 LittleDino by <\/span><a href=\"https:\/\/themeforest.net\/user\/webgeniuslab\"><span>WebGeniusLab<\/span><\/a><span>. All Rights Reserved.<\/span><\/p>                    <\/div>\r\n                <\/div>\r\n                            <div class=\"wgl-accordion_panel\">\r\n                    <h4 id=\"wgl-accordion_header-1076\" class=\"wgl-accordion_header\" data-default=\"no\">\r\n                        <span class=\"wgl-accordion_title\">Schriften<\/span>\r\n                                                    <i class=\"wgl-accordion_icon\"><\/i>                                            <\/h4>\r\n                    <div class=\"wgl-accordion_content\">\r\n                        <p><a href=\"https:\/\/grundschullernportal.zum.de\/wiki\/Grundschulschriften#Grundschrift\">Druckschrift by WOK<\/a><\/p><p><a href=\"https:\/\/lehrerweb.wien\/service\/downloads-1#c1071\">Schulschrift95<\/a><\/p>                    <\/div>\r\n                <\/div>\r\n                            <div class=\"wgl-accordion_panel\">\r\n                    <h4 id=\"wgl-accordion_header-1077\" class=\"wgl-accordion_header\" data-default=\"no\">\r\n                        <span class=\"wgl-accordion_title\">Karten<\/span>\r\n                                                    <i class=\"wgl-accordion_icon\"><\/i>                                            <\/h4>\r\n                    <div class=\"wgl-accordion_content\">\r\n                        <p>Wikimedia, Public Domain<\/p><p>\u00a0<a href=\"http:\/\/www.openstreetmap.org\/\" target=\"_blank\" rel=\"noopener\">OpenStreetMap<\/a> und Mitwirkende, <a href=\"http:\/\/creativecommons.org\/licenses\/by-sa\/2.0\/\" target=\"_blank\" rel=\"noopener\">CC-BY-SA<\/a><\/p>                    <\/div>\r\n                <\/div>\r\n            \r\n        <\/div>\r\n        \t\t\t\t<\/div>\n\t\t\t\t<\/div>\n\t\t\t\t\t<\/div>\n\t\t<\/div>\n\t\t\t\t\t<\/div>\n\t\t<\/section>\n\t\t\t\t<section class=\"elementor-section elementor-top-section elementor-element elementor-element-10ccb27 elementor-section-boxed elementor-section-height-default elementor-section-height-default\" data-id=\"10ccb27\" data-element_type=\"section\" data-e-type=\"section\">\n\t\t\t\t\t\t<div class=\"elementor-container elementor-column-gap-default\">\n\t\t\t\t\t<div class=\"elementor-column elementor-col-100 elementor-top-column elementor-element elementor-element-86ab92a\" data-id=\"86ab92a\" data-element_type=\"column\" data-e-type=\"column\">\n\t\t\t<div class=\"elementor-widget-wrap elementor-element-populated\">\n\t\t\t\t\t\t<div class=\"elementor-element elementor-element-d9f6c29 elementor-widget elementor-widget-spacer\" data-id=\"d9f6c29\" data-element_type=\"widget\" data-e-type=\"widget\" data-widget_type=\"spacer.default\">\n\t\t\t\t<div class=\"elementor-widget-container\">\n\t\t\t\t\t\t\t<div class=\"elementor-spacer\">\n\t\t\t<div class=\"elementor-spacer-inner\"><\/div>\n\t\t<\/div>\n\t\t\t\t\t\t<\/div>\n\t\t\t\t<\/div>\n\t\t\t\t\t<\/div>\n\t\t<\/div>\n\t\t\t\t\t<\/div>\n\t\t<\/section>\n\t\t\t\t<section class=\"elementor-section elementor-top-section elementor-element elementor-element-a975bcd elementor-section-boxed elementor-section-height-default elementor-section-height-default\" data-id=\"a975bcd\" data-element_type=\"section\" data-e-type=\"section\" data-settings=\"{&quot;background_background&quot;:&quot;classic&quot;}\">\n\t\t\t\t\t\t<div class=\"elementor-container elementor-column-gap-default\">\n\t\t\t\t\t<div class=\"elementor-column elementor-col-100 elementor-top-column elementor-element elementor-element-1bf6240\" data-id=\"1bf6240\" data-element_type=\"column\" data-e-type=\"column\">\n\t\t\t<div class=\"elementor-widget-wrap elementor-element-populated\">\n\t\t\t\t\t\t<div class=\"elementor-element elementor-element-0bd9037 elementor-widget elementor-widget-spacer\" data-id=\"0bd9037\" data-element_type=\"widget\" data-e-type=\"widget\" data-widget_type=\"spacer.default\">\n\t\t\t\t<div class=\"elementor-widget-container\">\n\t\t\t\t\t\t\t<div class=\"elementor-spacer\">\n\t\t\t<div class=\"elementor-spacer-inner\"><\/div>\n\t\t<\/div>\n\t\t\t\t\t\t<\/div>\n\t\t\t\t<\/div>\n\t\t\t\t\t<\/div>\n\t\t<\/div>\n\t\t\t\t\t<\/div>\n\t\t<\/section>\n\t\t\t\t<section class=\"elementor-section elementor-top-section elementor-element elementor-element-7a74270b elementor-section-boxed elementor-section-height-default elementor-section-height-default\" data-id=\"7a74270b\" data-element_type=\"section\" data-e-type=\"section\" data-settings=\"{&quot;background_background&quot;:&quot;classic&quot;}\">\n\t\t\t\t\t\t<div class=\"elementor-container elementor-column-gap-default\">\n\t\t\t\t\t<div class=\"elementor-column elementor-col-100 elementor-top-column elementor-element elementor-element-a157f9\" data-id=\"a157f9\" data-element_type=\"column\" data-e-type=\"column\">\n\t\t\t<div class=\"elementor-widget-wrap elementor-element-populated\">\n\t\t\t\t\t\t<div class=\"elementor-element elementor-element-76f5ed03 elementor-widget elementor-widget-spacer\" data-id=\"76f5ed03\" data-element_type=\"widget\" data-e-type=\"widget\" data-widget_type=\"spacer.default\">\n\t\t\t\t<div class=\"elementor-widget-container\">\n\t\t\t\t\t\t\t<div class=\"elementor-spacer\">\n\t\t\t<div class=\"elementor-spacer-inner\"><\/div>\n\t\t<\/div>\n\t\t\t\t\t\t<\/div>\n\t\t\t\t<\/div>\n\t\t\t\t<div class=\"elementor-element elementor-element-682d5cd dbl-1st-block elementor-widget elementor-widget-wgl-double-headings\" data-id=\"682d5cd\" data-element_type=\"widget\" data-e-type=\"widget\" data-widget_type=\"wgl-double-headings.default\">\n\t\t\t\t<div class=\"elementor-widget-container\">\n\t\t\t\t\t<div class=\"wgl-double_heading\"><h3 class=\"dbl-titles_wrapper\"><span class=\"dbl-title__wrap title-1__wrap\"><span class=\"dbl-title__1\">Ladet Biber Bibbs zu euch ein<\/span><\/span><\/h3>        <\/div>\t\t\t\t<\/div>\n\t\t\t\t<\/div>\n\t\t\t\t<div class=\"elementor-element elementor-element-2d29cefe elementor-widget elementor-widget-spacer\" data-id=\"2d29cefe\" data-element_type=\"widget\" data-e-type=\"widget\" data-widget_type=\"spacer.default\">\n\t\t\t\t<div class=\"elementor-widget-container\">\n\t\t\t\t\t\t\t<div class=\"elementor-spacer\">\n\t\t\t<div class=\"elementor-spacer-inner\"><\/div>\n\t\t<\/div>\n\t\t\t\t\t\t<\/div>\n\t\t\t\t<\/div>\n\t\t\t\t<div class=\"elementor-element elementor-element-21cef2e2 cf7-inline button-alt elementor-widget elementor-widget-text-editor\" data-id=\"21cef2e2\" data-element_type=\"widget\" data-e-type=\"widget\" data-widget_type=\"text-editor.default\">\n\t\t\t\t<div class=\"elementor-widget-container\">\n\t\t\t\t\t\t\t\t\t[contact-form-7 id=&#8221;178&#8243; title=&#8221;Biber Bibbs Einladung&#8221;]\t\t\t\t\t\t\t\t<\/div>\n\t\t\t\t<\/div>\n\t\t\t\t\t<\/div>\n\t\t<\/div>\n\t\t\t\t\t<\/div>\n\t\t<\/section>\n\t\t\t\t<section class=\"elementor-section elementor-top-section elementor-element elementor-element-7a9459e elementor-section-boxed elementor-section-height-default elementor-section-height-default\" data-id=\"7a9459e\" data-element_type=\"section\" data-e-type=\"section\" data-settings=\"{&quot;background_background&quot;:&quot;classic&quot;}\">\n\t\t\t\t\t\t<div class=\"elementor-container elementor-column-gap-default\">\n\t\t\t\t\t<div class=\"elementor-column elementor-col-100 elementor-top-column elementor-element elementor-element-4fcfd21\" data-id=\"4fcfd21\" data-element_type=\"column\" data-e-type=\"column\">\n\t\t\t<div class=\"elementor-widget-wrap elementor-element-populated\">\n\t\t\t\t\t\t<div class=\"elementor-element elementor-element-b97c1b1 elementor-widget elementor-widget-spacer\" data-id=\"b97c1b1\" data-element_type=\"widget\" data-e-type=\"widget\" data-widget_type=\"spacer.default\">\n\t\t\t\t<div class=\"elementor-widget-container\">\n\t\t\t\t\t\t\t<div class=\"elementor-spacer\">\n\t\t\t<div class=\"elementor-spacer-inner\"><\/div>\n\t\t<\/div>\n\t\t\t\t\t\t<\/div>\n\t\t\t\t<\/div>\n\t\t\t\t\t<\/div>\n\t\t<\/div>\n\t\t\t\t\t<\/div>\n\t\t<\/section>\n\t\t\t\t<\/div>\n\t\t","protected":false},"excerpt":{"rendered":"<p>Impressumund Rechtliches Rechtsstehend finden Sie alle wichtigen Informationen zu den Verantwortlichen des Projektes und entsprechende Kontaktdaten. Sollten Sie Informationen vermissen oder Fragen haben, kontaktieren Sie uns gern. Kontaktieren Sie uns Adresse und Kontakt Medienp\u00e4dagogisches Zentrum Mei\u00dfenAnsprechpartner: Frank Hunger Goethestra\u00dfe 2101662 Mei\u00dfen Telefon: (03521) 728 441Telefax: (03521) 728 440 E- Mail: kontakt (at) mpz-meissen.de Tr\u00e4ger Landkreis [&hellip;]<\/p>\n","protected":false},"author":1,"featured_media":0,"parent":0,"menu_order":0,"comment_status":"closed","ping_status":"closed","template":"","meta":{"footnotes":""},"class_list":["post-1492","page","type-page","status-publish","hentry"],"_links":{"self":[{"href":"https:\/\/biber-bibbs.de\/2020\/wp-json\/wp\/v2\/pages\/1492","targetHints":{"allow":["GET"]}}],"collection":[{"href":"https:\/\/biber-bibbs.de\/2020\/wp-json\/wp\/v2\/pages"}],"about":[{"href":"https:\/\/biber-bibbs.de\/2020\/wp-json\/wp\/v2\/types\/page"}],"author":[{"embeddable":true,"href":"https:\/\/biber-bibbs.de\/2020\/wp-json\/wp\/v2\/users\/1"}],"replies":[{"embeddable":true,"href":"https:\/\/biber-bibbs.de\/2020\/wp-json\/wp\/v2\/comments?post=1492"}],"version-history":[{"count":10,"href":"https:\/\/biber-bibbs.de\/2020\/wp-json\/wp\/v2\/pages\/1492\/revisions"}],"predecessor-version":[{"id":5809,"href":"https:\/\/biber-bibbs.de\/2020\/wp-json\/wp\/v2\/pages\/1492\/revisions\/5809"}],"wp:attachment":[{"href":"https:\/\/biber-bibbs.de\/2020\/wp-json\/wp\/v2\/media?parent=1492"}],"curies":[{"name":"wp","href":"https:\/\/api.w.org\/{rel}","templated":true}]}}