{"id":4462,"date":"2023-02-10T10:28:32","date_gmt":"2023-02-10T09:28:32","guid":{"rendered":"https:\/\/biber-bibbs.de\/2020\/?page_id=4462"},"modified":"2025-06-19T08:59:21","modified_gmt":"2025-06-19T06:59:21","slug":"lehrplanbezuege","status":"publish","type":"page","link":"https:\/\/biber-bibbs.de\/2020\/lehrplanbezuege\/","title":{"rendered":"Lehrplanbez\u00fcge"},"content":{"rendered":"\t\t<div data-elementor-type=\"wp-post\" data-elementor-id=\"4462\" class=\"elementor elementor-4462\">\n\t\t\t\t\t\t<section class=\"elementor-section elementor-top-section elementor-element elementor-element-c07c619 elementor-section-boxed elementor-section-height-default elementor-section-height-default\" data-id=\"c07c619\" data-element_type=\"section\" data-e-type=\"section\">\n\t\t\t\t\t\t<div class=\"elementor-container elementor-column-gap-default\">\n\t\t\t\t\t<div class=\"elementor-column elementor-col-100 elementor-top-column elementor-element elementor-element-0859b43\" data-id=\"0859b43\" data-element_type=\"column\" data-e-type=\"column\">\n\t\t\t<div class=\"elementor-widget-wrap elementor-element-populated\">\n\t\t\t\t\t\t<div class=\"elementor-element elementor-element-bf2a2f7 dbl-1st-block elementor-widget elementor-widget-wgl-double-headings\" data-id=\"bf2a2f7\" data-element_type=\"widget\" data-e-type=\"widget\" data-widget_type=\"wgl-double-headings.default\">\n\t\t\t\t<div class=\"elementor-widget-container\">\n\t\t\t\t\t<div class=\"wgl-double_heading\"><h3 class=\"dbl-titles_wrapper\"><span class=\"dbl-title__wrap title-1__wrap\"><span class=\"dbl-title__1\">Wie passt Bibbs zum Lehrplan?<\/span><\/span><\/h3>        <\/div>\t\t\t\t<\/div>\n\t\t\t\t<\/div>\n\t\t\t\t<div class=\"elementor-element elementor-element-5e734d0 ib-align-left elementor-widget elementor-widget-wgl-info-box\" data-id=\"5e734d0\" data-element_type=\"widget\" data-e-type=\"widget\" data-widget_type=\"wgl-info-box.default\">\n\t\t\t\t<div class=\"elementor-widget-container\">\n\t\t\t\t\t<div class=\"wgl-infobox\"><div class=\"wgl-infobox_wrapper\"><div class=\"wgl-infobox-content_wrapper\"><div class=\"wgl-infobox-title_wrapper\"><\/div><div class=\"wgl-infobox_content\"><p><span>Im Rahmen einer informatischen Vorbildung eignen sich die Sch\u00fcler elementare Bedienfertigkeiten im Umgang mit dem Personalcomputer an und nutzen diese bei der L\u00f6sung von Aufgaben. Sie erwerben elementare Kenntnisse zum sachgerechten, kritischen Umgang mit vielf\u00e4ltigen Medien. <span style=\"color: #45b3df\">[<a href=\"https:\/\/www.schulportal.sachsen.de\/lplandb\/index.php\" target=\"_blank\" style=\"color: #45b3df\" rel=\"noopener\">Zum vollst\u00e4ndigen Lehrplan<\/a>]<\/span><\/span><\/p><\/div><\/div><\/div><\/div>\t\t\t\t<\/div>\n\t\t\t\t<\/div>\n\t\t\t\t<div class=\"elementor-element elementor-element-5b28a0d elementor-widget elementor-widget-spacer\" data-id=\"5b28a0d\" data-element_type=\"widget\" data-e-type=\"widget\" data-widget_type=\"spacer.default\">\n\t\t\t\t<div class=\"elementor-widget-container\">\n\t\t\t\t\t\t\t<div class=\"elementor-spacer\">\n\t\t\t<div class=\"elementor-spacer-inner\"><\/div>\n\t\t<\/div>\n\t\t\t\t\t\t<\/div>\n\t\t\t\t<\/div>\n\t\t\t\t\t<\/div>\n\t\t<\/div>\n\t\t\t\t\t<\/div>\n\t\t<\/section>\n\t\t\t\t<section class=\"elementor-section elementor-top-section elementor-element elementor-element-10ae572 elementor-section-boxed elementor-section-height-default elementor-section-height-default\" data-id=\"10ae572\" data-element_type=\"section\" data-e-type=\"section\">\n\t\t\t\t\t\t<div class=\"elementor-container elementor-column-gap-extended\">\n\t\t\t\t\t<div class=\"elementor-column elementor-col-50 elementor-top-column elementor-element elementor-element-8f415e4\" data-id=\"8f415e4\" data-element_type=\"column\" data-e-type=\"column\">\n\t\t\t<div class=\"elementor-widget-wrap elementor-element-populated\">\n\t\t\t\t\t\t<div class=\"elementor-element elementor-element-845ea3d ib-align-center elementor-widget elementor-widget-wgl-info-box\" data-id=\"845ea3d\" data-element_type=\"widget\" data-e-type=\"widget\" data-widget_type=\"wgl-info-box.default\">\n\t\t\t\t<div class=\"elementor-widget-container\">\n\t\t\t\t\t<div class=\"wgl-infobox\"><svg class=\"wgl-dashes inner-dashed-border animated-dashes\"><rect x=\"25px\" y=\"25px\" rx=\"30px\" ry=\"30px\" width=\"0\" height=\"0\"><\/rect><\/svg><div class=\"wgl-infobox_wrapper\"><div class=\"wgl-infobox-content_wrapper\"><div class=\"wgl-infobox-title_wrapper\"><h3 class=\"wgl-infobox_title\">Sachunterricht<\/h3><\/div><div class=\"wgl-infobox_content\"><p>Heimat ist zentral f\u00fcr Wissenserwerb und Weltverst\u00e4ndnis. Durch regionale Gegebenheiten entwickeln Sch\u00fcler eine emotionale Bindung und Verantwortung. Der Sachunterricht vermittelt altersgerecht Grundwissen zu Gesellschaft, Natur und Technik und f\u00f6rdert vielf\u00e4ltige Interessen.<\/p><\/div><\/div><\/div><\/div>\t\t\t\t<\/div>\n\t\t\t\t<\/div>\n\t\t\t\t<div class=\"elementor-element elementor-element-195e914 tabs__align-center elementor-widget elementor-widget-wgl-tabs\" data-id=\"195e914\" data-element_type=\"widget\" data-e-type=\"widget\" data-widget_type=\"wgl-tabs.default\">\n\t\t\t\t<div class=\"elementor-widget-container\">\n\t\t\t\t\t        <div class=\"wgl-tabs icon_position-top\">\r\n\r\n            <div class=\"wgl-tabs_headings\"><h4 data-tab-id=\"wgl-tab_2661\" class=\"wgl-tabs_header\"><span class=\"wgl-tabs_title\">Klassen 1\/2<\/span>                    <\/h4>\r\n                    <h4 data-tab-id=\"wgl-tab_2662\" class=\"wgl-tabs_header\"><span class=\"wgl-tabs_title\">Klasse 3<\/span>                    <\/h4>\r\n                    <h4 data-tab-id=\"wgl-tab_2663\" class=\"wgl-tabs_header\"><span class=\"wgl-tabs_title\">Klasse 4<\/span>                    <\/h4>\r\n                                <\/div>\r\n\r\n            <div class=\"wgl-tabs_content-wrap\">                    <div data-tab-id=\"wgl-tab_2661\" class=\"wgl-tabs_content\">\r\n                    <p style=\"text-align: center;\"><strong>LB 5 \"Begegnung mit Raum und Zeit\"<\/strong><\/p><ul><li style=\"text-align: left;\"><span style=\"color: #45b3df;\"><strong>Kennen der Lernumgebung und des regionalen Umfeldes<\/strong> <\/span>(Museen religi\u00f6se St\u00e4tten, Stra\u00dfennamen erkunden; Geschichte in Quellen ergr\u00fcnden einen Ortsplan eine Ortsbeschreibung gestalten, vielf\u00e4ltige Medien einbeziehen)<\/li><li><span style=\"color: #45b3df;\"><strong>Sich positionieren zu \u00f6rtlichen Gegebenheiten<\/strong><\/span> (Bilder sammeln, fotografieren, Auswahl begr\u00fcnden -&gt; Werteorientierung)<\/li><\/ul>                    <\/div>\r\n\r\n                                        <div data-tab-id=\"wgl-tab_2662\" class=\"wgl-tabs_content\">\r\n                    <p style=\"text-align: center;\"><strong>LB 5 \"Begegnung mit Raum und Zeit\"<\/strong><\/p><ul><li><span style=\"color: #45b3df;\"><strong>Kennen der Raumgliederung im Heimatort<\/strong><\/span> (Himmelsrichtungen Karten einordnen Entfernungen sch\u00e4tzen\/bestimmen)<\/li><li><span style=\"color: #45b3df;\"><strong>\u00dcbertragen des Wissens zur Orientierung auf das Umgehen mit verschiedenen Karten zum Landkreis<\/strong><\/span><\/li><li><span style=\"color: #45b3df;\"><strong>Kennen des Landkreises <\/strong><\/span>(Lage, ausgew\u00e4hlte St\u00e4dte und Regionen, ausgew\u00e4hlte Oberfl\u00e4chenformen und Gew\u00e4sser, wichtige Verkehrswege, kulturell-historische Kenntnisse,...) -&gt; Quellen- und Recherchearbeit, traditionelle und digitale Medien einbeziehen<\/li><\/ul><p style=\"text-align: center;\"><strong>WP 3 \"Steine und steinerne Kultur in der Region\"<\/strong><\/p><ul><li><strong><span style=\"color: #45b3df;\">Einblick gewinnen in die Geschichte eines steinernen Zeugen\u00a0<\/span><\/strong><span style=\"color: #45b3df;\"><span style=\"color: #808080;\">(ein geologisch interessantes oder ein vom Menschen geschaffenes Objekt; Entstehung erkunden; Objekt skizzieren oder fotografieren;...)<\/span><\/span><\/li><li><span style=\"color: #45b3df;\"><strong>Sich positionieren zur Auswahl des steinernen Zeugen<\/strong><\/span> (eine Ausstellung gestalten - traditionelle und digitale Medien einbeziehen)<\/li><\/ul>                    <\/div>\r\n\r\n                                        <div data-tab-id=\"wgl-tab_2663\" class=\"wgl-tabs_content\">\r\n                    <p style=\"text-align: center;\"><strong>LB 1 \"Zusammen leben und lernen\"<\/strong><\/p><ul><li><strong><span style=\"color: #45b3df;\">Kennen von M\u00f6glichkeiten des Gebrauchs von traditionellen und digitalen Medien\u00a0<\/span><\/strong><span style=\"color: #45b3df;\"><span style=\"color: #808080;\">(Umgang mit traditionellen und digitalen Medien zur Informationsbeschaffung, Grundlagen von Urheber- und Pers\u00f6nlichkeitsrecht)<\/span><\/span><\/li><\/ul><p style=\"text-align: center;\"><strong>LB 5 \"Begegnung mit Raum und Zeit\"<\/strong><\/p><ul><li><strong><span style=\"color: #45b3df;\">Anwenden von Orientierungsm\u00f6glichkeiten auf der Karte des Freistaates Sachsen\u00a0<\/span><\/strong><span style=\"color: #808080;\">(Karte einordnen, Informationen entnehmen Bedeutung der Farben einer Karte, mit Hilfe des Ma\u00dfstabes aus einer Karte Entfernungen berechnen)<\/span><\/li><li><span style=\"color: #45b3df;\"><strong>Kennen des Freistaates Sachsen<\/strong>\u00a0<span style=\"color: #808080;\">(ausgew\u00e4hlte Oberfl\u00e4chenformen und Gew\u00e4sser ausgew\u00e4hlte St\u00e4dte und Regionen) -&gt; vielf\u00e4ltige Medien einbeziehen, eigene Medienbeitr\u00e4ge gestalten<\/span><\/span><\/li><\/ul><p style=\"text-align: center;\"><strong>LB 6 Medien - Informationsbeschaffung und -aufbereitung<\/strong><\/p><ul><li><span style=\"color: #f92c67;\"><strong><span style=\"color: #45b3df;\">Gestalten einer Pr\u00e4sentation zu einem Thema<\/span>\u00a0<\/strong><\/span><span style=\"color: #808080;\">(Ausw\u00e4hlen und Nutzen verschiedener Informationsquellen, Ber\u00fccksichtigen von Urheber- und Pers\u00f6nlichkeitsrechten, Darstellen von Informationen, Pr\u00e4sentieren und Auswerten der Ergebnisse) -&gt; Computer oder mobile Endger\u00e4te nutzen, Ma\u00dfnahmen zum Daten- und Selbstschutz, Bilder zuordnen, Texte zweckentsprechend aufbereiten, einfache technische Bearbeitungswerkzeuge und Gestaltungsmittel nutzen<\/span><\/li><\/ul><p style=\"text-align: center;\"><span style=\"color: #808080;\"><strong>WB 5 \" Schl\u00f6sser, Burgen und G\u00e4rten in Sachsen\"<\/strong><\/span><\/p><ul><li><span style=\"color: #45b3df;\"><strong><span style=\"color: #45b3df;\">Einblick gewinnen in historische Anlagen in Sachsen<\/span>\u00a0<\/strong><\/span><span style=\"color: #808080;\">(Schl\u00f6sser Burgen Parkanlagen in Karten aufsuchen, mit Kartenlegende und Lagebeziehungen arbeiten)<\/span><\/li><li><span style=\"color: #45b3df;\"><strong>Kennen einer historischen Anlage der Region\u00a0<\/strong><\/span><span style=\"color: #808080;\">(Informationen aus traditionellen und digitalen Medien zusammentragen, Ausstellung gestalten)<\/span><\/li><\/ul>                    <\/div>\r\n\r\n                                <\/div>\r\n\r\n        <\/div>\r\n        \t\t\t\t<\/div>\n\t\t\t\t<\/div>\n\t\t\t\t<div class=\"elementor-element elementor-element-05cd77c elementor-widget elementor-widget-spacer\" data-id=\"05cd77c\" data-element_type=\"widget\" data-e-type=\"widget\" data-widget_type=\"spacer.default\">\n\t\t\t\t<div class=\"elementor-widget-container\">\n\t\t\t\t\t\t\t<div class=\"elementor-spacer\">\n\t\t\t<div class=\"elementor-spacer-inner\"><\/div>\n\t\t<\/div>\n\t\t\t\t\t\t<\/div>\n\t\t\t\t<\/div>\n\t\t\t\t\t<\/div>\n\t\t<\/div>\n\t\t\t\t<div class=\"elementor-column elementor-col-50 elementor-top-column elementor-element elementor-element-f06bc83\" data-id=\"f06bc83\" data-element_type=\"column\" data-e-type=\"column\">\n\t\t\t<div class=\"elementor-widget-wrap elementor-element-populated\">\n\t\t\t\t\t\t<div class=\"elementor-element elementor-element-49a58fa ib-align-center elementor-widget elementor-widget-wgl-info-box\" data-id=\"49a58fa\" data-element_type=\"widget\" data-e-type=\"widget\" data-widget_type=\"wgl-info-box.default\">\n\t\t\t\t<div class=\"elementor-widget-container\">\n\t\t\t\t\t<div class=\"wgl-infobox\"><svg class=\"wgl-dashes inner-dashed-border animated-dashes\"><rect x=\"25px\" y=\"25px\" rx=\"30px\" ry=\"30px\" width=\"0\" height=\"0\"><\/rect><\/svg><div class=\"wgl-infobox_wrapper\"><div class=\"wgl-infobox-content_wrapper\"><div class=\"wgl-infobox-title_wrapper\"><h3 class=\"wgl-infobox_title\">Deutsch<\/h3><\/div><div class=\"wgl-infobox_content\"><p>Ausgehend vom Entwicklungsstand und der Erfahrungswelt der Sch\u00fcler entwickelt der Deutschunterricht systematisch ihre sprachlich-kommunikativen F\u00e4higkeiten und schafft Grundlagen f\u00fcr die Bew\u00e4ltigung sprachlicher Anforderungen im Alltag sowie die sachgerechte Nutzung von Medien.<\/p><\/div><\/div><\/div><\/div>\t\t\t\t<\/div>\n\t\t\t\t<\/div>\n\t\t\t\t<div class=\"elementor-element elementor-element-5d71b8c tabs__align-center elementor-widget elementor-widget-wgl-tabs\" data-id=\"5d71b8c\" data-element_type=\"widget\" data-e-type=\"widget\" data-widget_type=\"wgl-tabs.default\">\n\t\t\t\t<div class=\"elementor-widget-container\">\n\t\t\t\t\t        <div class=\"wgl-tabs icon_position-top\">\r\n\r\n            <div class=\"wgl-tabs_headings\"><h4 data-tab-id=\"wgl-tab_9791\" class=\"wgl-tabs_header\"><span class=\"wgl-tabs_title\">Klassen 1\/2<\/span>                    <\/h4>\r\n                    <h4 data-tab-id=\"wgl-tab_9792\" class=\"wgl-tabs_header\"><span class=\"wgl-tabs_title\">Klasse 3<\/span>                    <\/h4>\r\n                    <h4 data-tab-id=\"wgl-tab_9793\" class=\"wgl-tabs_header\"><span class=\"wgl-tabs_title\">Klasse 4<\/span>                    <\/h4>\r\n                                <\/div>\r\n\r\n            <div class=\"wgl-tabs_content-wrap\">                    <div data-tab-id=\"wgl-tab_9791\" class=\"wgl-tabs_content\">\r\n                    <p style=\"text-align: center;\"><span style=\"color: #808080;\"><strong>LB 7 \"Mit digitalen Medien umgehen\"<\/strong><\/span><\/p><ul><li><span style=\"color: #f0a82b;\"><strong>Einblick gewinnen in elementare Bedienhandlungen eines Computers oder mobilen digitalen Endger\u00e4ts<\/strong><\/span><\/li><li><span style=\"color: #f0a82b;\"><strong>Kennen von Anforderungen an das Schreiben von Texten\u00a0<\/strong><\/span><span style=\"color: #45b3df;\"><span style=\"color: #808080;\">(Planen, Schreiben, \u00dcberarbeiten, Pr\u00e4sentieren)<\/span><\/span><\/li><\/ul>                    <\/div>\r\n\r\n                                        <div data-tab-id=\"wgl-tab_9792\" class=\"wgl-tabs_content\">\r\n                    <p style=\"text-align: center;\"><strong>LB 2 \"F\u00fcr sich und andere schreiben\"<\/strong><\/p><ul><li><span style=\"color: #45b3df;\"><strong><span style=\"color: #f0a82b;\">\u00dcbertragen des Wissens zum Planen von Texten auf Schreibsituationen<\/span>\u00a0<\/strong><\/span><span style=\"color: #808080;\">(Textaufbau \u00fcberlegen, Ideenfelder erarbeiten, \u00fcber sprachliche Mittel nachdenken)<\/span><\/li><li><span style=\"color: #f0a82b;\"><strong>Anwenden von Sprachwissen auf das Schreiben von Texten\u00a0<\/strong><\/span><span style=\"color: #45b3df;\"><span style=\"color: #808080;\">(Erlebtes, Erdachtes, Geh\u00f6rtes, Beobachtetes zusammenh\u00e4ngend aufschreiben, sprachliche Mittel gezielt verwenden) -&gt; Adressaten- und Situationsbezug herstellen, sich in einen nicht anwesenden Leser hineinversetzen<\/span><\/span><\/li><li><span style=\"color: #45b3df;\"><strong><span style=\"color: #f0a82b;\">Kennen von Textmustern zum Erz\u00e4hlen, Beschreiben<\/span>\u00a0<\/strong><\/span><span style=\"color: #808080;\">(Aufbau, sprachliche Mittel) -&gt; Vorg\u00e4nge, Lebewesen Gegenst\u00e4nde beschreiben<\/span><\/li><li><span style=\"color: #45b3df;\"><strong><span style=\"color: #f0a82b;\">Einblick gewinnen in die Formen der Informationsgewinnung<\/span>\u00a0<\/strong><\/span><span style=\"color: #808080;\">(Informationen zu einem Sachverhalt aus verschiedenen Medien zielgerichtet einholen und vergleichen) -&gt; Aufschreiben von Arbeits- und Versuchsergebnissen, kennzeichnen wesentlicher Informationen ordnen und bewerten, Stichwortzettel anlegen<\/span><\/li><li><span style=\"color: #f0a82b;\"><strong>Anwenden formaler Mittel zur Gestaltung schriftlicher Arbeiten<\/strong><\/span><\/li><li><span style=\"color: #f0a82b;\"><strong>Anwenden von Pr\u00e4sentationsformen<\/strong><\/span><\/li><\/ul><p style=\"text-align: center;\"><strong><span style=\"color: #808080;\">LB 6 \"Mit digitalen Medien umgehen\"<\/span><\/strong><\/p><ul><li><span style=\"color: #45b3df;\"><strong><span style=\"color: #f0a82b;\">Anwenden von Strategien beim Schreiben eines Textes<\/span>\u00a0<\/strong><\/span><span style=\"color: #808080;\">(Planen und Schreiben, \u00dcberarbeiten, Pr\u00e4sentieren) -&gt; Texte speichern und Ausdrucken, sparsamer Ausdruck, Informationen sicher und auffindbar speichern, rechtliche Vorgaben beachten, Verhaltensregeln in digitalen Umgebungen, Schutz pers\u00f6nlicher Daten<\/span><\/li><\/ul>                    <\/div>\r\n\r\n                                        <div data-tab-id=\"wgl-tab_9793\" class=\"wgl-tabs_content\">\r\n                    <p style=\"text-align: center;\"><strong>LB 2 \"F\u00fcr sich und andere schreiben\"<\/strong><\/p><ul><li><span style=\"color: #45b3df;\"><strong><span style=\"color: #fdc563;\">Gestalten von Texten<\/span>\u00a0<\/strong><\/span><span style=\"color: #808080;\">(einen Text im Hinblick auf Absicht, Adressat und Verwendungszusammenhang planen, schreiben und \u00fcberarbeiten, formale Mittel zur Gestaltung zweckentsprechend verwenden) -&gt; verschiedene Pr\u00e4sentationsformen verwenden<\/span><\/li><li><strong><span style=\"color: #45b3df;\"><span style=\"color: #fdc563;\">Kennen von Formen zur Aufnahme von Informationen<\/span>\u00a0<\/span><\/strong><span style=\"color: #808080;\">-&gt; Merktexte, Notizen, Stichwortzettel<\/span><\/li><\/ul><p style=\"text-align: center;\"><span style=\"color: #808080;\"><strong>LB 6 \"Mit digitalen Medien umgehen\"<\/strong><\/span><\/p><ul><li><span style=\"color: #fdc563;\"><strong>Beherrschen elementarer Bedienhandlungen und Grundregeln zur Verwendung von Formatierungen in Texten<\/strong><\/span><\/li><li><span style=\"color: #45b3df;\"><span style=\"color: #fdc563;\"><strong>Anwenden von Strategien beim Schreiben eines Textes\u00a0<\/strong><\/span><span style=\"color: #808080;\">(Informationen beschaffen, ausw\u00e4hlen, auswerten, themen- und adressatenbezogen aufbereiten, Schreiben, \u00dcberarbeiten, Pr\u00e4sentieren eines Textes)<\/span><\/span><\/li><\/ul>                    <\/div>\r\n\r\n                                <\/div>\r\n\r\n        <\/div>\r\n        \t\t\t\t<\/div>\n\t\t\t\t<\/div>\n\t\t\t\t\t<\/div>\n\t\t<\/div>\n\t\t\t\t\t<\/div>\n\t\t<\/section>\n\t\t\t\t<\/div>\n\t\t","protected":false},"excerpt":{"rendered":"<p>Wie passt Bibbs zum Lehrplan? Im Rahmen einer informatischen Vorbildung eignen sich die Sch\u00fcler elementare Bedienfertigkeiten im Umgang mit dem Personalcomputer an und nutzen diese bei der L\u00f6sung von Aufgaben. Sie erwerben elementare Kenntnisse zum sachgerechten, kritischen Umgang mit vielf\u00e4ltigen Medien. [Zum vollst\u00e4ndigen Lehrplan] Sachunterricht Heimat ist zentral f\u00fcr Wissenserwerb und Weltverst\u00e4ndnis. Durch regionale Gegebenheiten [&hellip;]<\/p>\n","protected":false},"author":1,"featured_media":0,"parent":0,"menu_order":0,"comment_status":"closed","ping_status":"closed","template":"","meta":{"footnotes":""},"class_list":["post-4462","page","type-page","status-publish","hentry"],"_links":{"self":[{"href":"https:\/\/biber-bibbs.de\/2020\/wp-json\/wp\/v2\/pages\/4462","targetHints":{"allow":["GET"]}}],"collection":[{"href":"https:\/\/biber-bibbs.de\/2020\/wp-json\/wp\/v2\/pages"}],"about":[{"href":"https:\/\/biber-bibbs.de\/2020\/wp-json\/wp\/v2\/types\/page"}],"author":[{"embeddable":true,"href":"https:\/\/biber-bibbs.de\/2020\/wp-json\/wp\/v2\/users\/1"}],"replies":[{"embeddable":true,"href":"https:\/\/biber-bibbs.de\/2020\/wp-json\/wp\/v2\/comments?post=4462"}],"version-history":[{"count":10,"href":"https:\/\/biber-bibbs.de\/2020\/wp-json\/wp\/v2\/pages\/4462\/revisions"}],"predecessor-version":[{"id":5908,"href":"https:\/\/biber-bibbs.de\/2020\/wp-json\/wp\/v2\/pages\/4462\/revisions\/5908"}],"wp:attachment":[{"href":"https:\/\/biber-bibbs.de\/2020\/wp-json\/wp\/v2\/media?parent=4462"}],"curies":[{"name":"wp","href":"https:\/\/api.w.org\/{rel}","templated":true}]}}